{"id":2165,"date":"2024-12-08T07:57:13","date_gmt":"2024-12-08T06:57:13","guid":{"rendered":"https:\/\/gubitz-partner.de\/kontakt\/"},"modified":"2026-01-14T15:15:05","modified_gmt":"2026-01-14T14:15:05","slug":"kontakt","status":"publish","type":"page","link":"https:\/\/gubitz-partner.de\/en\/kontakt\/","title":{"rendered":"Contact"},"content":{"rendered":"\n<p>Here you will find a summary of information about how to contact us.<\/p>\n\n\n\n<p>You can also reach individual solicitors and staff members at their individual email addresses (surname), see also the &#8220;Solicitors&#8221; page.<\/p>\n\n\n\n<p>As there have been repeated network failures on the part of the telecommunications service provider recently, we have the following mobile phone numbers available in case of such an event:<br><br><a href=\"tel:+491633376444\">0163 33 76 444<\/a><br><a href=\"tel:+4917663628230\">0176 6362 8230<\/a><br><br>Diese mobile Erreichbarkeit besteht innerhalb der B\u00fcro-\u00d6ffnungszeiten; in dringenden F\u00e4llen k\u00f6nnen Sie es aber auch au\u00dferhalb unserer \u00d6ffnungszeiten versuchen.<br><br>Bitte wenden Sie sich zun\u00e4chst an den jeweiligen Standort mit den hier aufgef\u00fchrten Telefonnummern.<\/p>\n\n\n\n<hr class=\"wp-block-separator has-alpha-channel-opacity\"\/>\n\n\n\n<h2 class=\"wp-block-heading\" id=\"kiel\">Kiel<\/h2>\n\n\n<div class=\"gb-grid-wrapper gb-grid-wrapper-17ad9abb\">\n<div class=\"gb-grid-column gb-grid-column-767bb9c4\"><div class=\"gb-container gb-container-767bb9c4\">\n\n<p><strong>Kanzlei Gubitz und Partner<\/strong><\/p>\n\n\n\n<p>D\u00e4nische Stra\u00dfe 15<br>24103 Kiel<br>Tel <a href=\"tel:+494315459770\">0431 54 59 770<\/a><br>Fax <a href=\"fax:+494315459772\">0431 54 59 772<\/a><\/p>\n\n\n\n<p><a href=\"mailto:kiel@gubitz-partner.de\">kiel@gubitz-partner.de<\/a><br><a href=\"https:\/\/www.gubitz-partner.de\/wp-content\/uploads\/kiel.asc\">PGP public Kiel gubitz+partner<\/a><\/p>\n\n<\/div><\/div>\n\n<div class=\"gb-grid-column gb-grid-column-0cbd762e\"><div class=\"gb-container gb-container-0cbd762e\">\n\n<p><strong>B\u00fcrozeiten<\/strong><\/p>\n\n\n\n<p>Montags bis Donnerstags<br>von 8.00 Uhr bis 18.00 Uhr<br><br>Freitags<br>von 8.00 Uhr bis 16.00 Uhr<\/p>\n\n<\/div><\/div>\n<\/div>\n\n\n<h3 class=\"wp-block-heading\">Directions<\/h3>\n\n\n\n<h4 class=\"wp-block-heading\">By car<\/h4>\n\n\n\n<p>Coming from the south and west (Neum\u00fcnster, Hamburg, Rendsburg, also Flensburg and Schleswig) via the A7\/A215 towards Kiel-Mitte, turn right before the Exerzierplatz, left at the next intersection, past the Rathausplatz and Kleine Kiel to the Kieler Schloss car park (nearest parking option). Coming from the north-west (Eckernf\u00f6rde) via the B76, take the &#8220;Zentrum&#8221; exit, then turn left towards the centre, diagonally left behind Wilhelmsplatz, left behind Exerzierplatz, past Rathausplatz and Kleiner Kiel to the Kieler Schloss car park (nearest parking option). Coming from the east (Pl\u00f6n, L\u00fcbeck) via the B76, take the exit to the right onto S\u00f6rensenstra\u00dfe, turn left at the first traffic light intersection onto Bahnhofstra\u00dfe, continue on Kaistra\u00dfe and Wall, turn left twice after Ostseekai, then enter the Kieler Schloss car park (nearest parking option).<\/p>\n\n\n\n<h4 class=\"wp-block-heading\">By bus<\/h4>\n\n\n\n<p>From the city centre, take one of the many bus routes from the train station to the Seegarten\/Ostseekai stop.<\/p>\n\n\n\n<div style=\"height:50px\" aria-hidden=\"true\" class=\"wp-block-spacer\"><\/div>\n\n\n\n<h2 class=\"wp-block-heading\" id=\"hamburg\">Hamburg<\/h2>\n\n\n<div class=\"gb-grid-wrapper gb-grid-wrapper-a704519a\">\n<div class=\"gb-grid-column gb-grid-column-92351e9b\"><div class=\"gb-container gb-container-92351e9b\">\n\n<p><strong>Kanzlei Gubitz und Partner<\/strong><\/p>\n\n\n\n<p>Stadthausbr\u00fccke 4 (Palaishof)<br>20355 Hamburg<br>Tel <a href=\"tel:+494035718212\">040 357 18 212<\/a><br>Fax <a href=\"fax:+494035004199\">040 35 00 41 99<\/a><\/p>\n\n\n\n<p><a href=\"mailto:hamburg@gubitz-partner.de\">hamburg@gubitz-partner.de<\/a><\/p>\n\n<\/div><\/div>\n\n<div class=\"gb-grid-column gb-grid-column-20618346\"><div class=\"gb-container gb-container-20618346\">\n\n<p><strong>B\u00fcrozeiten<\/strong><\/p>\n\n\n\n<p>Montag bis Freitag<br>von 9.00 Uhr bis 18.00 Uhr<\/p>\n\n<\/div><\/div>\n<\/div>\n\n\n<h3 class=\"wp-block-heading\">Directions<\/h3>\n\n\n\n<h4 class=\"wp-block-heading\">By car<\/h4>\n\n\n\n<p>From the east (Berlin, L\u00fcbeck), take the A 24 to Hamburg, follow Sievekingsallee at the roundabout, continue on B\u00fcrgerweide, Spaldingstra\u00dfe, Amsinckstra\u00dfe\/B4, keep left and stay on Amsinckstra\u00dfe\/B4, then turn right onto R\u00f6dingsmarkt, continue on Graskeller and then onto Stadthausbr\u00fccke.<\/p>\n\n\n\n<p>From the south (Hanover, Bremen), take the A1 to Veddeler Br\u00fcckenstra\u00dfe\/B4\/B75 in Hamburg, continue on Veddeler Br\u00fcckenstra\u00dfe\/B4\/B75, turn slightly left onto B4, continue straight ahead on Amsinckstra\u00dfe\/B4, then turn right onto R\u00f6dingsmarkt, continue on Graskeller and then on Stadthausbr\u00fccke.<\/p>\n\n\n\n<p>From the north (Kiel), take the A7 to exit 26-HH-Stellingen, turn right onto Kieler Str.\/B4, turn left onto Stresemannstra\u00dfe\/B4, use one of the two left lanes to turn left onto R\u00f6dingsmarkt, continue onto Graskeller and then onto Stadthausbr\u00fccke.<\/p>\n\n\n\n<h4 class=\"wp-block-heading\">By train<\/h4>\n\n\n\n<p>From Hamburg Central Station, you can reach the law firm in approximately 5 minutes: Take the S1 (direction: Wedel) or the S3 (direction: Pinneberg) to the &#8220;Stadthausbr\u00fccke&#8221; stop and use the &#8220;Neuer Wall&#8221; exit.<\/p>\n\n\n<div class=\"gb-container gb-container-9357d63a alignfull\">\n\n<figure class=\"gb-block-image gb-block-image-f1f7f3b5\"><img loading=\"lazy\" decoding=\"async\" width=\"2400\" height=\"660\" class=\"gb-image gb-image-f1f7f3b5\" src=\"http:\/\/gubitz-partner.de\/wp-content\/uploads\/2025\/05\/pp_2019-12_gubitz_a2287_xcfp1-1-2400x660-1.jpg\" alt=\"\" title=\"pp_2019-12_gubitz_a2287_xcfp1-1-2400x660\" srcset=\"https:\/\/gubitz-partner.de\/wp-content\/uploads\/2025\/05\/pp_2019-12_gubitz_a2287_xcfp1-1-2400x660-1.jpg 2400w, https:\/\/gubitz-partner.de\/wp-content\/uploads\/2025\/05\/pp_2019-12_gubitz_a2287_xcfp1-1-2400x660-1-300x83.jpg 300w, https:\/\/gubitz-partner.de\/wp-content\/uploads\/2025\/05\/pp_2019-12_gubitz_a2287_xcfp1-1-2400x660-1-1024x282.jpg 1024w, https:\/\/gubitz-partner.de\/wp-content\/uploads\/2025\/05\/pp_2019-12_gubitz_a2287_xcfp1-1-2400x660-1-768x211.jpg 768w, https:\/\/gubitz-partner.de\/wp-content\/uploads\/2025\/05\/pp_2019-12_gubitz_a2287_xcfp1-1-2400x660-1-1536x422.jpg 1536w, https:\/\/gubitz-partner.de\/wp-content\/uploads\/2025\/05\/pp_2019-12_gubitz_a2287_xcfp1-1-2400x660-1-2048x563.jpg 2048w\" sizes=\"auto, (max-width: 2400px) 100vw, 2400px\" \/><\/figure>\n\n<\/div>\n\n\n<h2 class=\"wp-block-heading\" id=\"termine\">Appointments<\/h2>\n\n\n\n<p>For meetings, please make an appointment in advance with our staff, who can be reached at the above times on the above office numbers. Please be prepared to provide the relevant authority (e.g. which police station or public prosecutor&#8217;s office?), a file number and the status of the proceedings (e.g. whether charges have already been brought) during the initial telephone call. Please bring any relevant documents with you to the meeting.<\/p>\n\n\n<div class=\"gb-container gb-container-04225e86 alignfull\">\n\n<figure class=\"gb-block-image gb-block-image-febaf498\"><img loading=\"lazy\" decoding=\"async\" width=\"2560\" height=\"704\" class=\"gb-image gb-image-febaf498\" src=\"http:\/\/gubitz-partner.de\/wp-content\/uploads\/2025\/05\/pp_2019-12_gubitz_a2280_xcfp1-3200x880-1-scaled.jpg\" alt=\"\" title=\"pp_2019-12_gubitz_a2280_xcfp1-3200x880\" srcset=\"https:\/\/gubitz-partner.de\/wp-content\/uploads\/2025\/05\/pp_2019-12_gubitz_a2280_xcfp1-3200x880-1-scaled.jpg 2560w, https:\/\/gubitz-partner.de\/wp-content\/uploads\/2025\/05\/pp_2019-12_gubitz_a2280_xcfp1-3200x880-1-300x83.jpg 300w, https:\/\/gubitz-partner.de\/wp-content\/uploads\/2025\/05\/pp_2019-12_gubitz_a2280_xcfp1-3200x880-1-1024x282.jpg 1024w, https:\/\/gubitz-partner.de\/wp-content\/uploads\/2025\/05\/pp_2019-12_gubitz_a2280_xcfp1-3200x880-1-768x211.jpg 768w, https:\/\/gubitz-partner.de\/wp-content\/uploads\/2025\/05\/pp_2019-12_gubitz_a2280_xcfp1-3200x880-1-1536x422.jpg 1536w, https:\/\/gubitz-partner.de\/wp-content\/uploads\/2025\/05\/pp_2019-12_gubitz_a2280_xcfp1-3200x880-1-2048x563.jpg 2048w\" sizes=\"auto, (max-width: 2560px) 100vw, 2560px\" \/><\/figure>\n\n<\/div>\n\n\n<h2 class=\"wp-block-heading\" id=\"eilfaelle\">Urgent Cases<\/h2>\n\n\n\n<p>In urgent cases (search\/seizure\/arrest) during office hours, please expressly inform our staff of this special situation by calling the office number 0431 545 97 70. They will be able to tell you within what time frame a solicitor from the Gubitz and Partner law firm will be available and, if necessary, offer to arrange for a competent colleague to assist you. Please try to provide the name of the responsible authority (e.g. which police force or public prosecutor&#8217;s office?) and a file number.<\/p>\n\n\n\n<h3 class=\"wp-block-heading\">Emergency defence lawyer service<\/h3>\n\n\n\n<p>On weekends and public holidays, the Kiel Criminal Defence Emergency Service is also available in Kiel and the surrounding area on 0172 514 79 79. Please note that this number has been set up for urgent cases and criminal matters only. If you already have a client relationship with Gubitz and Partners, please inform our colleagues.r besteht.<\/p>\n\n\n\n<p>Emergency services are also operating in other regions throughout the country.<br><a href=\"https:\/\/www.ag-strafrecht.de\/notdienst\/\" target=\"_blank\" rel=\"noreferrer noopener\">www.ag-strafrecht.de\/notdienst\/<\/a>.<\/p>\n\n\n<div class=\"gb-container gb-container-b6bf8ea9 alignfull\">\n\n<figure class=\"gb-block-image gb-block-image-24ef0936\"><img loading=\"lazy\" decoding=\"async\" width=\"2560\" height=\"704\" class=\"gb-image gb-image-24ef0936\" src=\"http:\/\/gubitz-partner.de\/wp-content\/uploads\/2025\/05\/pp_2019-12_gubitz_a2129_xcfp1-3200x880-1-scaled.jpg\" alt=\"\" title=\"pp_2019-12_gubitz_a2129_xcfp1-3200x880\" srcset=\"https:\/\/gubitz-partner.de\/wp-content\/uploads\/2025\/05\/pp_2019-12_gubitz_a2129_xcfp1-3200x880-1-scaled.jpg 2560w, https:\/\/gubitz-partner.de\/wp-content\/uploads\/2025\/05\/pp_2019-12_gubitz_a2129_xcfp1-3200x880-1-300x83.jpg 300w, https:\/\/gubitz-partner.de\/wp-content\/uploads\/2025\/05\/pp_2019-12_gubitz_a2129_xcfp1-3200x880-1-1024x282.jpg 1024w, https:\/\/gubitz-partner.de\/wp-content\/uploads\/2025\/05\/pp_2019-12_gubitz_a2129_xcfp1-3200x880-1-768x211.jpg 768w, https:\/\/gubitz-partner.de\/wp-content\/uploads\/2025\/05\/pp_2019-12_gubitz_a2129_xcfp1-3200x880-1-1536x422.jpg 1536w, https:\/\/gubitz-partner.de\/wp-content\/uploads\/2025\/05\/pp_2019-12_gubitz_a2129_xcfp1-3200x880-1-2048x563.jpg 2048w\" sizes=\"auto, (max-width: 2560px) 100vw, 2560px\" \/><\/figure>\n\n<\/div>\n\n\n<h2 class=\"wp-block-heading\" id=\"vollmachten\">Powers of attorney<\/h2>\n\n\n\n<p>We&#8217;re providing forms of POA here for download.<br>For matters of criminal defence you need to choose the form re your personal attorney and send it back after having completed and signed it.<br>The general form re our locations Kiel and Hamburg is provided for matters of private or administrative law.<\/p>\n\n\n\n<h4 class=\"wp-block-heading\">Downloads<\/h4>\n\n\n\n<ul class=\"wp-block-list\">\n<li><a href=\"https:\/\/www.gubitz-partner.de\/wp-content\/uploads\/volllmacht-allgemein-kiel.pdf\">Vollmacht allgemein (Kiel)<\/a><\/li>\n\n\n\n<li><a href=\"https:\/\/www.gubitz-partner.de\/wp-content\/uploads\/vollmacht-allgemein-hamburg.pdf\">Vollmacht allgemein (Hamburg)<\/a><\/li>\n\n\n\n<li><a href=\"https:\/\/www.gubitz-partner.de\/wp-content\/uploads\/strafprozessvollmacht_bauhofer.pdf\">Strafprozessvollmacht Bauhofer \/ POA<\/a><\/li>\n\n\n\n<li><a href=\"https:\/\/www.gubitz-partner.de\/wp-content\/uploads\/strafprozessvollmacht_buchholz.pdf\">Strafprozessvollmacht Buchholz \/ POA<\/a><\/li>\n\n\n\n<li><a href=\"https:\/\/www.gubitz-partner.de\/wp-content\/uploads\/strafprozessvollmacht_gubitz.pdf\">Strafprozessvollmacht Gubitz \/ POA<\/a><\/li>\n\n\n\n<li><a href=\"https:\/\/www.gubitz-partner.de\/wp-content\/uploads\/strafprozessvollmacht-dr-lucke.pdf\">Strafprozessvollmacht Lucke \/ POA<\/a><\/li>\n\n\n\n<li><a href=\"https:\/\/www.gubitz-partner.de\/wp-content\/uploads\/strafprozessvollmacht_molkentin.pdf\">Strafprozessvollmacht Molkentin \/ POA<\/a><\/li>\n\n\n\n<li><a href=\"https:\/\/www.gubitz-partner.de\/wp-content\/uploads\/strafprozessvollmacht_schaar.pdf\">Strafprozessvollmacht Schaar \/ POA<\/a><\/li>\n\n\n\n<li><a href=\"https:\/\/www.gubitz-partner.de\/wp-content\/uploads\/strafprozessvollmacht-weber.pdf\">Strafprozessvollmacht Weber \/ POA<\/a><\/li>\n\n\n\n<li><a href=\"https:\/\/www.gubitz-partner.de\/wp-content\/uploads\/strafprozessvollmacht-nietzsch.pdf\">Strafprozessvollmacht Nietzsch \/ POA<\/a><\/li>\n<\/ul>\n\n\n<div class=\"gb-container gb-container-18a4d870 alignfull\">\n\n<figure class=\"gb-block-image gb-block-image-c60b4434\"><img loading=\"lazy\" decoding=\"async\" width=\"2560\" height=\"704\" class=\"gb-image gb-image-c60b4434\" src=\"http:\/\/gubitz-partner.de\/wp-content\/uploads\/2025\/05\/pp_2019-12_gubitz_a2129_xcfp1-3200x880-1-scaled.jpg\" alt=\"\" title=\"pp_2019-12_gubitz_a2129_xcfp1-3200x880\" srcset=\"https:\/\/gubitz-partner.de\/wp-content\/uploads\/2025\/05\/pp_2019-12_gubitz_a2129_xcfp1-3200x880-1-scaled.jpg 2560w, https:\/\/gubitz-partner.de\/wp-content\/uploads\/2025\/05\/pp_2019-12_gubitz_a2129_xcfp1-3200x880-1-300x83.jpg 300w, https:\/\/gubitz-partner.de\/wp-content\/uploads\/2025\/05\/pp_2019-12_gubitz_a2129_xcfp1-3200x880-1-1024x282.jpg 1024w, https:\/\/gubitz-partner.de\/wp-content\/uploads\/2025\/05\/pp_2019-12_gubitz_a2129_xcfp1-3200x880-1-768x211.jpg 768w, https:\/\/gubitz-partner.de\/wp-content\/uploads\/2025\/05\/pp_2019-12_gubitz_a2129_xcfp1-3200x880-1-1536x422.jpg 1536w, https:\/\/gubitz-partner.de\/wp-content\/uploads\/2025\/05\/pp_2019-12_gubitz_a2129_xcfp1-3200x880-1-2048x563.jpg 2048w\" sizes=\"auto, (max-width: 2560px) 100vw, 2560px\" \/><\/figure>\n\n<\/div>\n\n\n<h2 class=\"wp-block-heading\" id=\"pgp\">PGP<\/h2>\n\n\n\n<p>You can also communicate with us securely using PGP encryption. Please note that the content of encrypted emails cannot be read on the solicitors&#8217; mobile devices. Therefore, it is generally only possible to read them during normal working hours.<\/p>\n\n\n\n<p>You can find our public PGP key for secure email communication\u00a0<a href=\"https:\/\/www.gubitz-partner.de\/wp-content\/uploads\/kiel.asc\" target=\"_blank\" rel=\"noreferrer noopener\">here<\/a>:<\/p>\n\n\n\n<h4 class=\"wp-block-heading\">Downloads<\/h4>\n\n\n\n<ul class=\"wp-block-list\">\n<li><a href=\"https:\/\/www.gubitz-partner.de\/wp-content\/uploads\/kiel.asc\">PGP public Kiel gubitz+partner<\/a><\/li>\n<\/ul>\n\n\n\n<p><\/p>\n\n\n\n<h2 class=\"wp-block-heading\" id=\"datenschutz\">data protection<\/h2>\n\n\n\n<p>The law firm&#8217;s data protection officer is Michael Gubitz. Please contact him at datenschutz@gubitz-partner.de.<\/p>\n","protected":false},"excerpt":{"rendered":"<p>Here you will find a summary of information about how to contact us. You can also reach individual solicitors and staff members at their individual email addresses (surname), see also the &#8220;Solicitors&#8221; page. As there have been repeated network failures on the part of the telecommunications service provider recently, we have the following mobile phone &#8230; <a title=\"Contact\" class=\"read-more\" href=\"https:\/\/gubitz-partner.de\/en\/kontakt\/\" aria-label=\"Read more about Contact\">Read more<\/a><\/p>\n","protected":false},"author":3,"featured_media":2166,"parent":0,"menu_order":0,"comment_status":"closed","ping_status":"closed","template":"","meta":{"_acf_changed":false,"footnotes":""},"class_list":["post-2165","page","type-page","status-publish","has-post-thumbnail"],"acf":[],"_links":{"self":[{"href":"https:\/\/gubitz-partner.de\/en\/wp-json\/wp\/v2\/pages\/2165","targetHints":{"allow":["GET"]}}],"collection":[{"href":"https:\/\/gubitz-partner.de\/en\/wp-json\/wp\/v2\/pages"}],"about":[{"href":"https:\/\/gubitz-partner.de\/en\/wp-json\/wp\/v2\/types\/page"}],"author":[{"embeddable":true,"href":"https:\/\/gubitz-partner.de\/en\/wp-json\/wp\/v2\/users\/3"}],"replies":[{"embeddable":true,"href":"https:\/\/gubitz-partner.de\/en\/wp-json\/wp\/v2\/comments?post=2165"}],"version-history":[{"count":2,"href":"https:\/\/gubitz-partner.de\/en\/wp-json\/wp\/v2\/pages\/2165\/revisions"}],"predecessor-version":[{"id":2170,"href":"https:\/\/gubitz-partner.de\/en\/wp-json\/wp\/v2\/pages\/2165\/revisions\/2170"}],"wp:featuredmedia":[{"embeddable":true,"href":"https:\/\/gubitz-partner.de\/en\/wp-json\/wp\/v2\/media\/2166"}],"wp:attachment":[{"href":"https:\/\/gubitz-partner.de\/en\/wp-json\/wp\/v2\/media?parent=2165"}],"curies":[{"name":"wp","href":"https:\/\/api.w.org\/{rel}","templated":true}]}}